{"id":44,"date":"2016-12-05T18:22:41","date_gmt":"2016-12-05T18:22:41","guid":{"rendered":"http:\/\/kootenays2017.crrf.ca\/?page_id=44"},"modified":"2018-04-27T20:29:27","modified_gmt":"2018-04-27T20:29:27","slug":"program","status":"publish","type":"page","link":"https:\/\/kootenays2017.crrf.ca\/?page_id=44","title":{"rendered":"Program"},"content":{"rendered":"<p>The conference began on September 20, 2017 and ended on September 23, 2017.<\/p>\n<h1>Detailed Conference Program and Book of Abstracts<\/h1>\n<ul>\n<li><a href=\"https:\/\/www.dropbox.com\/s\/9y4lznhfol31axl\/CRRF%202017%20Program%20FINAL_110917.pdf?dl=0\" target=\"_blank\" rel=\"noopener\">Final Conference Program<\/a> (11 September 2017)<\/li>\n<li><a href=\"https:\/\/www.dropbox.com\/preview\/CRRF%202017\/program%20committee\/abstract%20submissions\/Abstract%20Document\/CRRF%202017%20Program%20Abstracts_12092017-sb.pdf?role=work\" target=\"_blank\" rel=\"noopener\">Book of Abstracts<\/a> (25 September 2017)<\/li>\n<\/ul>\n<h1>Schedule at a Glance<\/h1>\n<div class=\"su-box su-box-style-default\" id=\"\" style=\"border-color:#000000;border-radius:3px;\"><div class=\"su-box-title\" style=\"background-color:#333333;color:#FFFFFF;border-top-left-radius:1px;border-top-right-radius:1px\">Wednesday, September 20<\/div><div class=\"su-box-content su-u-clearfix su-u-trim\" style=\"border-bottom-left-radius:1px;border-bottom-right-radius:1px\"><strong>8:30 am:<\/strong> Registration Desk Opens (<em>Prestige Lakeside)<\/em><\/p>\n<p><strong>9:00 am:<\/strong> Capacity Building Session #1\u00a0(<em>Prestige Lakeside)<\/em><\/p>\n<ul>\n<li>Hosted in collaboration with the <a href=\"http:\/\/rplc-capr.ca\">Rural Policy Learning Commons<\/a> and the <a href=\"http:\/\/www.cbrdi.ca\/event\/strategic-doing-301-training-leading-complex-collaborations\/?instance_id=1501\">Rural Development Institute<\/a><\/li>\n<\/ul>\n<p><strong>1:00 pm<\/strong>: Capacity Building Session #2\u00a0(<em>Prestige Lakeside)<\/em><\/p>\n<ul>\n<li>Hosted in collaboration with the <a href=\"http:\/\/rplc-capr.ca\">Rural Policy Learning Commons<\/a> and the <a href=\"http:\/\/www.cbrdi.ca\/event\/strategic-doing-301-training-leading-complex-collaborations\/?instance_id=1501\">Rural Development Institute<\/a><\/li>\n<\/ul>\n<p><strong>4:00 pm:<\/strong> New Researcher Forum &#8211; Focus on Publishing <em>(Capitol Theatre)<\/em><\/p>\n<ul>\n<li>Hosted in collaboration with the <a href=\"http:\/\/www.brandonu.ca\/rdi\" target=\"_blank\" rel=\"noopener noreferrer\">Rural Development Institute, Brandon University<\/a>, the <a href=\"http:\/\/www.cdnregdev.ruralresilience.ca\" target=\"_blank\" rel=\"noopener noreferrer\">Canadian Regional Development Project<\/a>, and the <a href=\"http:\/\/www.crrf.ca\" target=\"_blank\" rel=\"noopener noreferrer\">Canadian Rural Revitalization Foundation<\/a><\/li>\n<\/ul>\n<p><strong>6:30 pm:<\/strong> Conference Opening and Keynote Panel &#8211; Entrepreneurship, Innovation, &amp; Economic Development\u00a0 (<em>Capitol Theatre)**<\/em><\/p>\n<ul>\n<li>Heather Hall &#8211; Assistant Professor, University of Waterloo<\/li>\n<li>Terry Van Horn &#8211; Economic Development Officer, Lower Columbia Initiatives Corporation<\/li>\n<li>Tjaart Van den Berg &#8211; CEO, Land Info Technologies Inc.<em><\/div><\/div><\/em><\/li>\n<\/ul>\n<div class=\"su-box su-box-style-default\" id=\"\" style=\"border-color:#000000;border-radius:3px;\"><div class=\"su-box-title\" style=\"background-color:#333333;color:#FFFFFF;border-top-left-radius:1px;border-top-right-radius:1px\">Thursday, September 21<\/div><div class=\"su-box-content su-u-clearfix su-u-trim\" style=\"border-bottom-left-radius:1px;border-bottom-right-radius:1px\"><strong>7:30 am<\/strong>: Registration Desk opens and Breakfast<\/p>\n<p><strong>8:30 am:\u00a0<\/strong>Keynote Speaker &#8211; Brian Fry &#8211; Director, i4C.tech (International Industrial IoT Innovation Center)**<\/p>\n<p><strong>10:00 am:<\/strong> Coffee and poster presentations<\/p>\n<p><strong>10:30<\/strong>\u00a0<strong>am:<\/strong> Concurrent presentations\/panels<\/p>\n<p><strong>12:00 pm:<\/strong> Lunch and Launch of the State of Rural Canada 2.0<\/p>\n<p><strong>1:00 pm:<\/strong> Concurrent presentations, panels, and posters<\/p>\n<p><strong>2:30 pm:<\/strong> Coffee and poster presentations<\/p>\n<p><strong>3:00 pm:\u00a0<\/strong>Concurrent presentations\/panels<\/p>\n<p><strong>4:30 pm<\/strong>: <a href=\"http:\/\/www.crrf.ca\" target=\"_blank\" rel=\"noopener noreferrer\">Canadian Rural Revitalization Foundation<\/a>\u00a0Annual General Meeting<\/p>\n<p><strong>6:30 pm: <\/strong>Social &#8211; Nelson Restaurant Crawl*<em><\/div><\/div><\/em><\/p>\n<div class=\"su-box su-box-style-default\" id=\"\" style=\"border-color:#000000;border-radius:3px;\"><div class=\"su-box-title\" style=\"background-color:#333333;color:#FFFFFF;border-top-left-radius:1px;border-top-right-radius:1px\">Friday, September 22<\/div><div class=\"su-box-content su-u-clearfix su-u-trim\" style=\"border-bottom-left-radius:1px;border-bottom-right-radius:1px\"><strong>7:30 am:\u00a0<\/strong>Registration desk opens and breakfast<\/p>\n<p><strong>8:30 am:\u00a0<\/strong>Concurrent presentations\/panels<\/p>\n<p><strong>10:00 am:<\/strong>\u00a0Coffee and poster presentations<\/p>\n<p><strong>10:30<\/strong>\u00a0<strong>am:<\/strong>\u00a0Concurrent presentations\/panels<\/p>\n<p><strong>12:00 pm:<\/strong>\u00a0Lunch and Book Launch (<em>From Black Horses to White Steeds: Building Community Resilience<\/em>)<\/p>\n<p><strong>1:00 pm:<\/strong>\u00a0Concurrent presentations, panels, and posters<\/p>\n<p><strong>2:30 pm:<\/strong>\u00a0Coffee and poster presentations<\/p>\n<p><strong>3:00 pm:\u00a0<\/strong>Keynote speaker &#8211; Christopher Horsethief**<\/p>\n<p><strong>7:00 pm:\u00a0<\/strong>Conference banquet and entertainment<em><\/div><\/div><\/em><\/p>\n<div class=\"su-box su-box-style-default\" id=\"\" style=\"border-color:#000000;border-radius:3px;\"><div class=\"su-box-title\" style=\"background-color:#333333;color:#FFFFFF;border-top-left-radius:1px;border-top-right-radius:1px\">Saturday, September 23<\/div><div class=\"su-box-content su-u-clearfix su-u-trim\" style=\"border-bottom-left-radius:1px;border-bottom-right-radius:1px\"><strong>7:30 am:\u00a0<\/strong>Registration desk opens and breakfast<\/p>\n<p><strong>8:30 am:<\/strong> <a href=\"http:\/\/kootenays2017.crrf.ca\/?page_id=400\" target=\"_blank\" rel=\"noopener noreferrer\">Field trips<\/a>*<\/p>\n<p><em>Participants will meet in the lobby at 8:30 am, buses to leave at 9:00 am.<\/em><\/p>\n<ul>\n<li><strong>Heritage in the Hinterland: Slocan &#8211; North Kootenay Lake Loop Tour<\/strong><\/li>\n<li><strong>Food &amp; Festivals &#8211; Ymir to Creston Tour <\/strong><\/li>\n<li><strong>Transitioning to the New Economy &#8211; West Kootenay Tour<br \/>\n<\/strong><\/li>\n<\/ul>\n<p><strong>4:00 pm:\u00a0<\/strong>Field trip wrap-up<em><\/div><\/div><\/em><\/p>\n<p><span style=\"font-size: 10pt; font-family: georgia,palatino,serif;\"><strong><em>* Denotes additional cost and limited availability<br \/>\n<\/em><\/strong><\/span><\/p>\n<p><span style=\"font-family: georgia,palatino,serif; font-size: 10pt;\"><strong>**<em>All keynote panels and presentations were simultaneously translated to French thanks to the generous support of Canadian Heritage. We acknowledge the financial support of the Government of Canada. Tous les pr\u00e9sentations cl\u00e9s seront simultan\u00e9ment traduits en fran\u00e7ais gr\u00e2ce au g\u00e9n\u00e9reux soutien de Patrimoine canadien. Nous reconnaissons l&#8217;appui du gouvernement du Canada.<\/em><\/strong><\/span><\/p>\n<p><a href=\"http:\/\/kootenays2017.crrf.ca\/?attachment_id=515\" rel=\"attachment wp-att-515\"><img loading=\"lazy\" decoding=\"async\" class=\"alignnone wp-image-515\" src=\"http:\/\/kootenays2017.crrf.ca\/wp-content\/uploads\/2016\/12\/3li_EnFr_Wordmark_C.png\" alt=\"\" width=\"695\" height=\"81\" srcset=\"https:\/\/kootenays2017.crrf.ca\/wp-content\/uploads\/2016\/12\/3li_EnFr_Wordmark_C.png 1290w, https:\/\/kootenays2017.crrf.ca\/wp-content\/uploads\/2016\/12\/3li_EnFr_Wordmark_C-300x35.png 300w, https:\/\/kootenays2017.crrf.ca\/wp-content\/uploads\/2016\/12\/3li_EnFr_Wordmark_C-768x89.png 768w, https:\/\/kootenays2017.crrf.ca\/wp-content\/uploads\/2016\/12\/3li_EnFr_Wordmark_C-1024x119.png 1024w\" sizes=\"auto, (max-width: 695px) 100vw, 695px\" \/><\/a><\/p>\n<p><span style=\"font-size: 10pt;\"><strong><em>This conference was supported by the Social Sciences and Humanities Research Council of Canada. Cette <span class=\"short_text\" lang=\"fr\"><span class=\"\">conf\u00e9rence <\/span><\/span><\/em><em>a \u00e9t\u00e9 financ\u00e9e par le Conseil de recherches en sciences humaines du Canada.<\/em><\/strong><\/span><\/p>\n<p><a href=\"http:\/\/kootenays2017.crrf.ca\/?attachment_id=530\" rel=\"attachment wp-att-530\"><img loading=\"lazy\" decoding=\"async\" class=\"alignnone size-full wp-image-530\" src=\"http:\/\/kootenays2017.crrf.ca\/wp-content\/uploads\/2016\/12\/SSHRC-CRSH_FIP.jpg\" alt=\"\" width=\"1507\" height=\"63\" srcset=\"https:\/\/kootenays2017.crrf.ca\/wp-content\/uploads\/2016\/12\/SSHRC-CRSH_FIP.jpg 1507w, https:\/\/kootenays2017.crrf.ca\/wp-content\/uploads\/2016\/12\/SSHRC-CRSH_FIP-300x13.jpg 300w, https:\/\/kootenays2017.crrf.ca\/wp-content\/uploads\/2016\/12\/SSHRC-CRSH_FIP-768x32.jpg 768w, https:\/\/kootenays2017.crrf.ca\/wp-content\/uploads\/2016\/12\/SSHRC-CRSH_FIP-1024x43.jpg 1024w\" sizes=\"auto, (max-width: 1507px) 100vw, 1507px\" \/><\/a><\/p>\n","protected":false},"excerpt":{"rendered":"<p>The conference began on September 20, 2017 and ended on September 23, 2017. Detailed Conference Program and Book of Abstracts Final Conference Program (11 September 2017) Book of Abstracts (25 [&hellip;]<\/p>\n","protected":false},"author":3,"featured_media":11,"parent":0,"menu_order":0,"comment_status":"closed","ping_status":"closed","template":"page-fullwidth.php","meta":{"_acf_changed":false,"jetpack_post_was_ever_published":false,"footnotes":""},"class_list":["post-44","page","type-page","status-publish","has-post-thumbnail","hentry"],"acf":[],"yoast_head":"<!-- This site is optimized with the Yoast SEO plugin v26.9 - https:\/\/yoast.com\/product\/yoast-seo-wordpress\/ -->\n<title>Program - 29th Annual CRRF Conference<\/title>\n<meta name=\"robots\" content=\"index, follow, max-snippet:-1, max-image-preview:large, max-video-preview:-1\" \/>\n<link rel=\"canonical\" href=\"http:\/\/kootenays2017.crrf.ca\/?page_id=44\" \/>\n<meta property=\"og:locale\" content=\"en_US\" \/>\n<meta property=\"og:type\" content=\"article\" \/>\n<meta property=\"og:title\" content=\"Program - 29th Annual CRRF Conference\" \/>\n<meta property=\"og:description\" content=\"The conference began on September 20, 2017 and ended on September 23, 2017. Detailed Conference Program and Book of Abstracts Final Conference Program (11 September 2017) Book of Abstracts (25 [&hellip;]\" \/>\n<meta property=\"og:url\" content=\"http:\/\/kootenays2017.crrf.ca\/?page_id=44\" \/>\n<meta property=\"og:site_name\" content=\"29th Annual CRRF Conference\" \/>\n<meta property=\"article:modified_time\" content=\"2018-04-27T20:29:27+00:00\" \/>\n<meta property=\"og:image\" content=\"http:\/\/kootenays2017.crrf.ca\/wp-content\/uploads\/2016\/07\/hiking-1249254_1920.jpg\" \/>\n\t<meta property=\"og:image:width\" content=\"1920\" \/>\n\t<meta property=\"og:image:height\" content=\"1440\" \/>\n\t<meta property=\"og:image:type\" content=\"image\/jpeg\" \/>\n<meta name=\"twitter:card\" content=\"summary_large_image\" \/>\n<meta name=\"twitter:label1\" content=\"Est. reading time\" \/>\n\t<meta name=\"twitter:data1\" content=\"2 minutes\" \/>\n<script type=\"application\/ld+json\" class=\"yoast-schema-graph\">{\"@context\":\"https:\/\/schema.org\",\"@graph\":[{\"@type\":\"WebPage\",\"@id\":\"http:\/\/kootenays2017.crrf.ca\/?page_id=44\",\"url\":\"http:\/\/kootenays2017.crrf.ca\/?page_id=44\",\"name\":\"Program - 29th Annual CRRF Conference\",\"isPartOf\":{\"@id\":\"https:\/\/kootenays2017.crrf.ca\/#website\"},\"primaryImageOfPage\":{\"@id\":\"http:\/\/kootenays2017.crrf.ca\/?page_id=44#primaryimage\"},\"image\":{\"@id\":\"http:\/\/kootenays2017.crrf.ca\/?page_id=44#primaryimage\"},\"thumbnailUrl\":\"https:\/\/kootenays2017.crrf.ca\/wp-content\/uploads\/2016\/07\/hiking-1249254_1920.jpg\",\"datePublished\":\"2016-12-05T18:22:41+00:00\",\"dateModified\":\"2018-04-27T20:29:27+00:00\",\"breadcrumb\":{\"@id\":\"http:\/\/kootenays2017.crrf.ca\/?page_id=44#breadcrumb\"},\"inLanguage\":\"en-US\",\"potentialAction\":[{\"@type\":\"ReadAction\",\"target\":[\"http:\/\/kootenays2017.crrf.ca\/?page_id=44\"]}]},{\"@type\":\"ImageObject\",\"inLanguage\":\"en-US\",\"@id\":\"http:\/\/kootenays2017.crrf.ca\/?page_id=44#primaryimage\",\"url\":\"https:\/\/kootenays2017.crrf.ca\/wp-content\/uploads\/2016\/07\/hiking-1249254_1920.jpg\",\"contentUrl\":\"https:\/\/kootenays2017.crrf.ca\/wp-content\/uploads\/2016\/07\/hiking-1249254_1920.jpg\",\"width\":1920,\"height\":1440},{\"@type\":\"BreadcrumbList\",\"@id\":\"http:\/\/kootenays2017.crrf.ca\/?page_id=44#breadcrumb\",\"itemListElement\":[{\"@type\":\"ListItem\",\"position\":1,\"name\":\"Home\",\"item\":\"https:\/\/kootenays2017.crrf.ca\/\"},{\"@type\":\"ListItem\",\"position\":2,\"name\":\"Program\"}]},{\"@type\":\"WebSite\",\"@id\":\"https:\/\/kootenays2017.crrf.ca\/#website\",\"url\":\"https:\/\/kootenays2017.crrf.ca\/\",\"name\":\"29th Annual CRRF Conference\",\"description\":\"\",\"potentialAction\":[{\"@type\":\"SearchAction\",\"target\":{\"@type\":\"EntryPoint\",\"urlTemplate\":\"https:\/\/kootenays2017.crrf.ca\/?s={search_term_string}\"},\"query-input\":{\"@type\":\"PropertyValueSpecification\",\"valueRequired\":true,\"valueName\":\"search_term_string\"}}],\"inLanguage\":\"en-US\"}]}<\/script>\n<!-- \/ Yoast SEO plugin. -->","yoast_head_json":{"title":"Program - 29th Annual CRRF Conference","robots":{"index":"index","follow":"follow","max-snippet":"max-snippet:-1","max-image-preview":"max-image-preview:large","max-video-preview":"max-video-preview:-1"},"canonical":"http:\/\/kootenays2017.crrf.ca\/?page_id=44","og_locale":"en_US","og_type":"article","og_title":"Program - 29th Annual CRRF Conference","og_description":"The conference began on September 20, 2017 and ended on September 23, 2017. Detailed Conference Program and Book of Abstracts Final Conference Program (11 September 2017) Book of Abstracts (25 [&hellip;]","og_url":"http:\/\/kootenays2017.crrf.ca\/?page_id=44","og_site_name":"29th Annual CRRF Conference","article_modified_time":"2018-04-27T20:29:27+00:00","og_image":[{"width":1920,"height":1440,"url":"http:\/\/kootenays2017.crrf.ca\/wp-content\/uploads\/2016\/07\/hiking-1249254_1920.jpg","type":"image\/jpeg"}],"twitter_card":"summary_large_image","twitter_misc":{"Est. reading time":"2 minutes"},"schema":{"@context":"https:\/\/schema.org","@graph":[{"@type":"WebPage","@id":"http:\/\/kootenays2017.crrf.ca\/?page_id=44","url":"http:\/\/kootenays2017.crrf.ca\/?page_id=44","name":"Program - 29th Annual CRRF Conference","isPartOf":{"@id":"https:\/\/kootenays2017.crrf.ca\/#website"},"primaryImageOfPage":{"@id":"http:\/\/kootenays2017.crrf.ca\/?page_id=44#primaryimage"},"image":{"@id":"http:\/\/kootenays2017.crrf.ca\/?page_id=44#primaryimage"},"thumbnailUrl":"https:\/\/kootenays2017.crrf.ca\/wp-content\/uploads\/2016\/07\/hiking-1249254_1920.jpg","datePublished":"2016-12-05T18:22:41+00:00","dateModified":"2018-04-27T20:29:27+00:00","breadcrumb":{"@id":"http:\/\/kootenays2017.crrf.ca\/?page_id=44#breadcrumb"},"inLanguage":"en-US","potentialAction":[{"@type":"ReadAction","target":["http:\/\/kootenays2017.crrf.ca\/?page_id=44"]}]},{"@type":"ImageObject","inLanguage":"en-US","@id":"http:\/\/kootenays2017.crrf.ca\/?page_id=44#primaryimage","url":"https:\/\/kootenays2017.crrf.ca\/wp-content\/uploads\/2016\/07\/hiking-1249254_1920.jpg","contentUrl":"https:\/\/kootenays2017.crrf.ca\/wp-content\/uploads\/2016\/07\/hiking-1249254_1920.jpg","width":1920,"height":1440},{"@type":"BreadcrumbList","@id":"http:\/\/kootenays2017.crrf.ca\/?page_id=44#breadcrumb","itemListElement":[{"@type":"ListItem","position":1,"name":"Home","item":"https:\/\/kootenays2017.crrf.ca\/"},{"@type":"ListItem","position":2,"name":"Program"}]},{"@type":"WebSite","@id":"https:\/\/kootenays2017.crrf.ca\/#website","url":"https:\/\/kootenays2017.crrf.ca\/","name":"29th Annual CRRF Conference","description":"","potentialAction":[{"@type":"SearchAction","target":{"@type":"EntryPoint","urlTemplate":"https:\/\/kootenays2017.crrf.ca\/?s={search_term_string}"},"query-input":{"@type":"PropertyValueSpecification","valueRequired":true,"valueName":"search_term_string"}}],"inLanguage":"en-US"}]}},"jetpack_sharing_enabled":true,"jetpack_shortlink":"https:\/\/wp.me\/P7EeYI-I","_links":{"self":[{"href":"https:\/\/kootenays2017.crrf.ca\/index.php?rest_route=\/wp\/v2\/pages\/44","targetHints":{"allow":["GET"]}}],"collection":[{"href":"https:\/\/kootenays2017.crrf.ca\/index.php?rest_route=\/wp\/v2\/pages"}],"about":[{"href":"https:\/\/kootenays2017.crrf.ca\/index.php?rest_route=\/wp\/v2\/types\/page"}],"author":[{"embeddable":true,"href":"https:\/\/kootenays2017.crrf.ca\/index.php?rest_route=\/wp\/v2\/users\/3"}],"replies":[{"embeddable":true,"href":"https:\/\/kootenays2017.crrf.ca\/index.php?rest_route=%2Fwp%2Fv2%2Fcomments&post=44"}],"version-history":[{"count":67,"href":"https:\/\/kootenays2017.crrf.ca\/index.php?rest_route=\/wp\/v2\/pages\/44\/revisions"}],"predecessor-version":[{"id":760,"href":"https:\/\/kootenays2017.crrf.ca\/index.php?rest_route=\/wp\/v2\/pages\/44\/revisions\/760"}],"wp:featuredmedia":[{"embeddable":true,"href":"https:\/\/kootenays2017.crrf.ca\/index.php?rest_route=\/wp\/v2\/media\/11"}],"wp:attachment":[{"href":"https:\/\/kootenays2017.crrf.ca\/index.php?rest_route=%2Fwp%2Fv2%2Fmedia&parent=44"}],"curies":[{"name":"wp","href":"https:\/\/api.w.org\/{rel}","templated":true}]}}