{"id":2,"date":"2016-06-16T19:17:49","date_gmt":"2016-06-16T19:17:49","guid":{"rendered":"http:\/\/kootenays2017.crrf.ca\/?page_id=2"},"modified":"2017-10-04T21:42:29","modified_gmt":"2017-10-04T21:42:29","slug":"sample-page","status":"publish","type":"page","link":"http:\/\/kootenays2017.crrf.ca\/?page_id=2","title":{"rendered":"Conference Themes"},"content":{"rendered":"<div data-canvas-width=\"376.94282064474487\">The\u00a0<b>Different by Design \u2013 Exploring Innovation for Rural Prosperity<\/b>\u00a0conference explored the unique potential and many possibilities that exist in rural places.<\/div>\n<p>&nbsp;<\/p>\n<div>The <strong>Different by Design<\/strong> conference had four themes:<\/div>\n<p>&nbsp;<\/p>\n<table style=\"width: 1182.671875px;\">\n<tbody>\n<tr>\n<td style=\"width: 210px;\"><div class=\"su-service\"><div class=\"su-service-title\" style=\"padding-left:46px;min-height:32px;line-height:32px\"><i class=\"sui sui-cogs\" style=\"font-size:32px;color:#333\"><\/i> Workforces of Tomorrow<\/div><div class=\"su-service-content su-u-clearfix su-u-trim\" style=\"padding-left:46px\"><\/div><\/div><\/td>\n<td style=\"width: 958.671875px;\">The economies of tomorrow are unlikely to look like the economies that settled and built rural regions. This raises questions like what job opportunities do we expect in the coming years? How are we addressing changing training, capacity building, and recruitment needs? How do we identify and build necessary skills? We are looking for your innovative approaches to addressing workforce challenges today, as well as what you are doing to prepare for tomorrow.<\/td>\n<\/tr>\n<tr>\n<td style=\"width: 210px;\"><div class=\"su-service\"><div class=\"su-service-title\" style=\"padding-left:46px;min-height:32px;line-height:32px\"><i class=\"sui sui-leaf\" style=\"font-size:32px;color:#333\"><\/i> Our Changing Environment<\/div><div class=\"su-service-content su-u-clearfix su-u-trim\" style=\"padding-left:46px\"><\/div><\/div><\/td>\n<td style=\"width: 958.671875px;\">We know our environments are changing. These changes range from habitat loss to ecosystem degradation to a changing climate. What are we doing to slow, stop, or reverse these changes? How are we adapting to changing conditions? We want to hear about your approaches or solutions and what you have learned.<\/td>\n<\/tr>\n<tr>\n<td style=\"width: 210px;\"><div class=\"su-service\"><div class=\"su-service-title\" style=\"padding-left:46px;min-height:32px;line-height:32px\"><i class=\"sui sui-share-alt\" style=\"font-size:32px;color:#333\"><\/i> Creating Connections<\/div><div class=\"su-service-content su-u-clearfix su-u-trim\" style=\"padding-left:46px\"><\/div><\/div><\/td>\n<td style=\"width: 958.671875px;\">In an era of complex problems and limited resources our most valuable assets can be relationships, partnerships, and collaborations with others. We are looking for examples of collaborative initiatives between organizations \u2013 including between municipalities, with different levels of government, public-private partnerships, working with First Nations, and more.<\/td>\n<\/tr>\n<tr>\n<td style=\"width: 210px;\"><div class=\"su-service\"><div class=\"su-service-title\" style=\"padding-left:46px;min-height:32px;line-height:32px\"><i class=\"sui sui-users\" style=\"font-size:32px;color:#333\"><\/i> Communities of Opportunity <\/div><div class=\"su-service-content su-u-clearfix su-u-trim\" style=\"padding-left:46px\"><\/div><\/div><\/td>\n<td style=\"width: 958.671875px;\">Development is often synonymous with traditional industry or business, but any rural resident knows the creativity and innovation that goes into making a living in rural places. Development opportunities relating to food, energy, recreation, tourism, arts, culture, and much more can be found across rural places. We are looking for the ideas you have tried or would like to try and what you have learned.<\/td>\n<\/tr>\n<\/tbody>\n<\/table>\n<div><\/div>\n<div>*Professional planners were able to attend sessions for Continuous Professional Learning credits<\/div>\n<div><\/div>\n<div><\/div>\n<div>\n<p><strong><em>\u00a0<\/em><\/strong><\/p>\n<p><strong><em>We acknowledge the financial support of the Government of Canada. Tous les pr\u00e9sentations cl\u00e9s seront simultan\u00e9ment traduits en fran\u00e7ais gr\u00e2ce au g\u00e9n\u00e9reux soutien de Patrimoine canadien. Nous reconnaissons l&#8217;appui du gouvernement du Canada.<\/em><\/strong><\/p>\n<p><a href=\"http:\/\/kootenays2017.crrf.ca\/?attachment_id=515\" rel=\"attachment wp-att-515\"><img loading=\"lazy\" decoding=\"async\" class=\"alignnone wp-image-515\" src=\"http:\/\/kootenays2017.crrf.ca\/wp-content\/uploads\/2016\/12\/3li_EnFr_Wordmark_C.png\" alt=\"\" width=\"695\" height=\"81\" srcset=\"http:\/\/kootenays2017.crrf.ca\/wp-content\/uploads\/2016\/12\/3li_EnFr_Wordmark_C.png 1290w, http:\/\/kootenays2017.crrf.ca\/wp-content\/uploads\/2016\/12\/3li_EnFr_Wordmark_C-300x35.png 300w, http:\/\/kootenays2017.crrf.ca\/wp-content\/uploads\/2016\/12\/3li_EnFr_Wordmark_C-768x89.png 768w, http:\/\/kootenays2017.crrf.ca\/wp-content\/uploads\/2016\/12\/3li_EnFr_Wordmark_C-1024x119.png 1024w\" sizes=\"auto, (max-width: 695px) 100vw, 695px\" \/><\/a><\/p>\n<p><strong><em>This conference was supported by the Social Sciences and Humanities Research Council of Canada. Cette <span class=\"short_text\" lang=\"fr\"><span class=\"\">conf\u00e9rence <\/span><\/span>a \u00e9t\u00e9 financ\u00e9e par le Conseil de recherches en sciences humaines du Canada.<\/em><em><br \/>\n<\/em><\/strong><\/p>\n<p><a href=\"http:\/\/kootenays2017.crrf.ca\/?attachment_id=530\" rel=\"attachment wp-att-530\"><img loading=\"lazy\" decoding=\"async\" class=\"alignnone size-full wp-image-530\" src=\"http:\/\/kootenays2017.crrf.ca\/wp-content\/uploads\/2016\/12\/SSHRC-CRSH_FIP.jpg\" alt=\"\" width=\"1507\" height=\"63\" srcset=\"http:\/\/kootenays2017.crrf.ca\/wp-content\/uploads\/2016\/12\/SSHRC-CRSH_FIP.jpg 1507w, http:\/\/kootenays2017.crrf.ca\/wp-content\/uploads\/2016\/12\/SSHRC-CRSH_FIP-300x13.jpg 300w, http:\/\/kootenays2017.crrf.ca\/wp-content\/uploads\/2016\/12\/SSHRC-CRSH_FIP-768x32.jpg 768w, http:\/\/kootenays2017.crrf.ca\/wp-content\/uploads\/2016\/12\/SSHRC-CRSH_FIP-1024x43.jpg 1024w\" sizes=\"auto, (max-width: 1507px) 100vw, 1507px\" \/><\/a><\/p>\n<\/div>\n","protected":false},"excerpt":{"rendered":"<p>The\u00a0Different by Design \u2013 Exploring Innovation for Rural Prosperity\u00a0conference explored the unique potential and many possibilities that exist in rural places. &nbsp; The Different by Design conference had four themes: [&hellip;]<\/p>\n","protected":false},"author":1,"featured_media":11,"parent":0,"menu_order":0,"comment_status":"closed","ping_status":"open","template":"","meta":{"_acf_changed":false,"jetpack_post_was_ever_published":false,"footnotes":""},"class_list":["post-2","page","type-page","status-publish","has-post-thumbnail","hentry"],"acf":[],"yoast_head":"<!-- This site is optimized with the Yoast SEO plugin v26.9 - https:\/\/yoast.com\/product\/yoast-seo-wordpress\/ -->\n<title>Conference Themes - 29th Annual CRRF Conference<\/title>\n<meta name=\"robots\" content=\"index, follow, max-snippet:-1, max-image-preview:large, max-video-preview:-1\" \/>\n<link rel=\"canonical\" href=\"http:\/\/kootenays2017.crrf.ca\/?page_id=2\" \/>\n<meta property=\"og:locale\" content=\"en_US\" \/>\n<meta property=\"og:type\" content=\"article\" \/>\n<meta property=\"og:title\" content=\"Conference Themes - 29th Annual CRRF Conference\" \/>\n<meta property=\"og:description\" content=\"The\u00a0Different by Design \u2013 Exploring Innovation for Rural Prosperity\u00a0conference explored the unique potential and many possibilities that exist in rural places. &nbsp; The Different by Design conference had four themes: [&hellip;]\" \/>\n<meta property=\"og:url\" content=\"http:\/\/kootenays2017.crrf.ca\/?page_id=2\" \/>\n<meta property=\"og:site_name\" content=\"29th Annual CRRF Conference\" \/>\n<meta property=\"article:modified_time\" content=\"2017-10-04T21:42:29+00:00\" \/>\n<meta property=\"og:image\" content=\"http:\/\/kootenays2017.crrf.ca\/wp-content\/uploads\/2016\/07\/hiking-1249254_1920.jpg\" \/>\n\t<meta property=\"og:image:width\" content=\"1920\" \/>\n\t<meta property=\"og:image:height\" content=\"1440\" \/>\n\t<meta property=\"og:image:type\" content=\"image\/jpeg\" \/>\n<meta name=\"twitter:card\" content=\"summary_large_image\" \/>\n<meta name=\"twitter:label1\" content=\"Est. reading time\" \/>\n\t<meta name=\"twitter:data1\" content=\"2 minutes\" \/>\n<script type=\"application\/ld+json\" class=\"yoast-schema-graph\">{\"@context\":\"https:\/\/schema.org\",\"@graph\":[{\"@type\":\"WebPage\",\"@id\":\"http:\/\/kootenays2017.crrf.ca\/?page_id=2\",\"url\":\"http:\/\/kootenays2017.crrf.ca\/?page_id=2\",\"name\":\"Conference Themes - 29th Annual CRRF Conference\",\"isPartOf\":{\"@id\":\"http:\/\/kootenays2017.crrf.ca\/#website\"},\"primaryImageOfPage\":{\"@id\":\"http:\/\/kootenays2017.crrf.ca\/?page_id=2#primaryimage\"},\"image\":{\"@id\":\"http:\/\/kootenays2017.crrf.ca\/?page_id=2#primaryimage\"},\"thumbnailUrl\":\"http:\/\/kootenays2017.crrf.ca\/wp-content\/uploads\/2016\/07\/hiking-1249254_1920.jpg\",\"datePublished\":\"2016-06-16T19:17:49+00:00\",\"dateModified\":\"2017-10-04T21:42:29+00:00\",\"breadcrumb\":{\"@id\":\"http:\/\/kootenays2017.crrf.ca\/?page_id=2#breadcrumb\"},\"inLanguage\":\"en-US\",\"potentialAction\":[{\"@type\":\"ReadAction\",\"target\":[\"http:\/\/kootenays2017.crrf.ca\/?page_id=2\"]}]},{\"@type\":\"ImageObject\",\"inLanguage\":\"en-US\",\"@id\":\"http:\/\/kootenays2017.crrf.ca\/?page_id=2#primaryimage\",\"url\":\"http:\/\/kootenays2017.crrf.ca\/wp-content\/uploads\/2016\/07\/hiking-1249254_1920.jpg\",\"contentUrl\":\"http:\/\/kootenays2017.crrf.ca\/wp-content\/uploads\/2016\/07\/hiking-1249254_1920.jpg\",\"width\":1920,\"height\":1440},{\"@type\":\"BreadcrumbList\",\"@id\":\"http:\/\/kootenays2017.crrf.ca\/?page_id=2#breadcrumb\",\"itemListElement\":[{\"@type\":\"ListItem\",\"position\":1,\"name\":\"Home\",\"item\":\"http:\/\/kootenays2017.crrf.ca\/\"},{\"@type\":\"ListItem\",\"position\":2,\"name\":\"Conference Themes\"}]},{\"@type\":\"WebSite\",\"@id\":\"http:\/\/kootenays2017.crrf.ca\/#website\",\"url\":\"http:\/\/kootenays2017.crrf.ca\/\",\"name\":\"29th Annual CRRF Conference\",\"description\":\"\",\"potentialAction\":[{\"@type\":\"SearchAction\",\"target\":{\"@type\":\"EntryPoint\",\"urlTemplate\":\"http:\/\/kootenays2017.crrf.ca\/?s={search_term_string}\"},\"query-input\":{\"@type\":\"PropertyValueSpecification\",\"valueRequired\":true,\"valueName\":\"search_term_string\"}}],\"inLanguage\":\"en-US\"}]}<\/script>\n<!-- \/ Yoast SEO plugin. -->","yoast_head_json":{"title":"Conference Themes - 29th Annual CRRF Conference","robots":{"index":"index","follow":"follow","max-snippet":"max-snippet:-1","max-image-preview":"max-image-preview:large","max-video-preview":"max-video-preview:-1"},"canonical":"http:\/\/kootenays2017.crrf.ca\/?page_id=2","og_locale":"en_US","og_type":"article","og_title":"Conference Themes - 29th Annual CRRF Conference","og_description":"The\u00a0Different by Design \u2013 Exploring Innovation for Rural Prosperity\u00a0conference explored the unique potential and many possibilities that exist in rural places. &nbsp; The Different by Design conference had four themes: [&hellip;]","og_url":"http:\/\/kootenays2017.crrf.ca\/?page_id=2","og_site_name":"29th Annual CRRF Conference","article_modified_time":"2017-10-04T21:42:29+00:00","og_image":[{"width":1920,"height":1440,"url":"http:\/\/kootenays2017.crrf.ca\/wp-content\/uploads\/2016\/07\/hiking-1249254_1920.jpg","type":"image\/jpeg"}],"twitter_card":"summary_large_image","twitter_misc":{"Est. reading time":"2 minutes"},"schema":{"@context":"https:\/\/schema.org","@graph":[{"@type":"WebPage","@id":"http:\/\/kootenays2017.crrf.ca\/?page_id=2","url":"http:\/\/kootenays2017.crrf.ca\/?page_id=2","name":"Conference Themes - 29th Annual CRRF Conference","isPartOf":{"@id":"http:\/\/kootenays2017.crrf.ca\/#website"},"primaryImageOfPage":{"@id":"http:\/\/kootenays2017.crrf.ca\/?page_id=2#primaryimage"},"image":{"@id":"http:\/\/kootenays2017.crrf.ca\/?page_id=2#primaryimage"},"thumbnailUrl":"http:\/\/kootenays2017.crrf.ca\/wp-content\/uploads\/2016\/07\/hiking-1249254_1920.jpg","datePublished":"2016-06-16T19:17:49+00:00","dateModified":"2017-10-04T21:42:29+00:00","breadcrumb":{"@id":"http:\/\/kootenays2017.crrf.ca\/?page_id=2#breadcrumb"},"inLanguage":"en-US","potentialAction":[{"@type":"ReadAction","target":["http:\/\/kootenays2017.crrf.ca\/?page_id=2"]}]},{"@type":"ImageObject","inLanguage":"en-US","@id":"http:\/\/kootenays2017.crrf.ca\/?page_id=2#primaryimage","url":"http:\/\/kootenays2017.crrf.ca\/wp-content\/uploads\/2016\/07\/hiking-1249254_1920.jpg","contentUrl":"http:\/\/kootenays2017.crrf.ca\/wp-content\/uploads\/2016\/07\/hiking-1249254_1920.jpg","width":1920,"height":1440},{"@type":"BreadcrumbList","@id":"http:\/\/kootenays2017.crrf.ca\/?page_id=2#breadcrumb","itemListElement":[{"@type":"ListItem","position":1,"name":"Home","item":"http:\/\/kootenays2017.crrf.ca\/"},{"@type":"ListItem","position":2,"name":"Conference Themes"}]},{"@type":"WebSite","@id":"http:\/\/kootenays2017.crrf.ca\/#website","url":"http:\/\/kootenays2017.crrf.ca\/","name":"29th Annual CRRF Conference","description":"","potentialAction":[{"@type":"SearchAction","target":{"@type":"EntryPoint","urlTemplate":"http:\/\/kootenays2017.crrf.ca\/?s={search_term_string}"},"query-input":{"@type":"PropertyValueSpecification","valueRequired":true,"valueName":"search_term_string"}}],"inLanguage":"en-US"}]}},"jetpack_sharing_enabled":true,"jetpack_shortlink":"https:\/\/wp.me\/P7EeYI-2","_links":{"self":[{"href":"http:\/\/kootenays2017.crrf.ca\/index.php?rest_route=\/wp\/v2\/pages\/2","targetHints":{"allow":["GET"]}}],"collection":[{"href":"http:\/\/kootenays2017.crrf.ca\/index.php?rest_route=\/wp\/v2\/pages"}],"about":[{"href":"http:\/\/kootenays2017.crrf.ca\/index.php?rest_route=\/wp\/v2\/types\/page"}],"author":[{"embeddable":true,"href":"http:\/\/kootenays2017.crrf.ca\/index.php?rest_route=\/wp\/v2\/users\/1"}],"replies":[{"embeddable":true,"href":"http:\/\/kootenays2017.crrf.ca\/index.php?rest_route=%2Fwp%2Fv2%2Fcomments&post=2"}],"version-history":[{"count":14,"href":"http:\/\/kootenays2017.crrf.ca\/index.php?rest_route=\/wp\/v2\/pages\/2\/revisions"}],"predecessor-version":[{"id":678,"href":"http:\/\/kootenays2017.crrf.ca\/index.php?rest_route=\/wp\/v2\/pages\/2\/revisions\/678"}],"wp:featuredmedia":[{"embeddable":true,"href":"http:\/\/kootenays2017.crrf.ca\/index.php?rest_route=\/wp\/v2\/media\/11"}],"wp:attachment":[{"href":"http:\/\/kootenays2017.crrf.ca\/index.php?rest_route=%2Fwp%2Fv2%2Fmedia&parent=2"}],"curies":[{"name":"wp","href":"https:\/\/api.w.org\/{rel}","templated":true}]}}